{"id":73,"date":"2022-09-22T17:35:27","date_gmt":"2022-09-22T17:35:27","guid":{"rendered":"https:\/\/derbyauto.ee\/?page_id=73"},"modified":"2025-10-06T08:07:14","modified_gmt":"2025-10-06T08:07:14","slug":"info-ja-registreerimine","status":"publish","type":"page","link":"https:\/\/derbyauto.ee\/en\/info-ja-registreerimine\/","title":{"rendered":"Information about the race"},"content":{"rendered":"<p>V\u00f5istlus toimus <strong>19. veebruaril 202<\/strong>6 algusega kell <strong>11.00 VILJANDI <a href=\"https:\/\/ukukeskus.ee\/\" data-type=\"link\" data-id=\"https:\/\/ukukeskus.ee\/\">UKU KESKUSES<\/a><\/strong><\/p>\n\n\n\n<p>V\u00f5istlusele registreerimine asub <a href=\"https:\/\/docs.google.com\/forms\/d\/e\/1FAIpQLSeCF-4QNGfv5V9f2ezOiTXCxyOjxm4whbWzUTspQ2Y-CO8cmQ\/viewform?usp=dialog\">SIIN.<\/a><\/p>\n\n\n\n<p><strong>Registreerimine l\u00f5ppeb 16. veebruar 2026<\/strong><\/p>\n\n\n\n<p><\/p>","protected":false},"excerpt":{"rendered":"<p>V\u00f5istlus toimus 19. veebruaril 2026 algusega kell 11.00 VILJANDI UKU KESKUSES V\u00f5istlusele registreerimine asub SIIN. Registreerimine l\u00f5ppeb 16. veebruar 2026<\/p>","protected":false},"author":1,"featured_media":0,"parent":0,"menu_order":0,"comment_status":"closed","ping_status":"closed","template":"","meta":{"footnotes":""},"class_list":["post-73","page","type-page","status-publish","hentry"],"_links":{"self":[{"href":"https:\/\/derbyauto.ee\/en\/wp-json\/wp\/v2\/pages\/73","targetHints":{"allow":["GET"]}}],"collection":[{"href":"https:\/\/derbyauto.ee\/en\/wp-json\/wp\/v2\/pages"}],"about":[{"href":"https:\/\/derbyauto.ee\/en\/wp-json\/wp\/v2\/types\/page"}],"author":[{"embeddable":true,"href":"https:\/\/derbyauto.ee\/en\/wp-json\/wp\/v2\/users\/1"}],"replies":[{"embeddable":true,"href":"https:\/\/derbyauto.ee\/en\/wp-json\/wp\/v2\/comments?post=73"}],"version-history":[{"count":19,"href":"https:\/\/derbyauto.ee\/en\/wp-json\/wp\/v2\/pages\/73\/revisions"}],"predecessor-version":[{"id":225,"href":"https:\/\/derbyauto.ee\/en\/wp-json\/wp\/v2\/pages\/73\/revisions\/225"}],"wp:attachment":[{"href":"https:\/\/derbyauto.ee\/en\/wp-json\/wp\/v2\/media?parent=73"}],"curies":[{"name":"wp","href":"https:\/\/api.w.org\/{rel}","templated":true}]}}